{"id":19,"date":"2022-03-29T22:42:13","date_gmt":"2022-03-29T20:42:13","guid":{"rendered":"http:\/\/areskomputer.pl\/?page_id=19"},"modified":"2023-01-10T03:00:37","modified_gmt":"2023-01-10T02:00:37","slug":"indeks","status":"publish","type":"page","link":"http:\/\/areskomputer.pl\/","title":{"rendered":"Serwis"},"content":{"rendered":"\t\t<div data-elementor-type=\"wp-page\" data-elementor-id=\"19\" class=\"elementor elementor-19\">\n\t\t\t\t\t\t\t\t\t<section class=\"elementor-section elementor-top-section elementor-element elementor-element-e5f7d50 elementor-section-boxed elementor-section-height-default elementor-section-height-default\" data-id=\"e5f7d50\" data-element_type=\"section\">\n\t\t\t\t\t\t<div class=\"elementor-container elementor-column-gap-default\">\n\t\t\t\t\t<div class=\"elementor-column elementor-col-100 elementor-top-column elementor-element elementor-element-fa843aa\" data-id=\"fa843aa\" data-element_type=\"column\">\n\t\t\t<div class=\"elementor-widget-wrap elementor-element-populated\">\n\t\t\t\t\t\t\t\t<div class=\"elementor-element elementor-element-1689dc3 elementor-widget elementor-widget-image\" data-id=\"1689dc3\" data-element_type=\"widget\" data-widget_type=\"image.default\">\n\t\t\t\t<div class=\"elementor-widget-container\">\n\t\t\t<style>\/*! elementor - v3.13.3 - 28-05-2023 *\/\n.elementor-widget-image{text-align:center}.elementor-widget-image a{display:inline-block}.elementor-widget-image a img[src$=\".svg\"]{width:48px}.elementor-widget-image img{vertical-align:middle;display:inline-block}<\/style>\t\t\t\t\t\t\t\t\t\t\t\t\t<a href=\"http:\/\/areskomputer.pl\/?page_id=595\">\n\t\t\t\t\t\t\t<img loading=\"lazy\" decoding=\"async\" width=\"1024\" height=\"329\" src=\"http:\/\/areskomputer.pl\/wp-content\/uploads\/2022\/03\/zle-nap1-1024x329.jpg\" class=\"attachment-large size-large wp-image-136\" alt=\"\" srcset=\"http:\/\/areskomputer.pl\/wp-content\/uploads\/2022\/03\/zle-nap1-1024x329.jpg 1024w, http:\/\/areskomputer.pl\/wp-content\/uploads\/2022\/03\/zle-nap1-300x96.jpg 300w, http:\/\/areskomputer.pl\/wp-content\/uploads\/2022\/03\/zle-nap1-768x247.jpg 768w, http:\/\/areskomputer.pl\/wp-content\/uploads\/2022\/03\/zle-nap1-1140x366.jpg 1140w, http:\/\/areskomputer.pl\/wp-content\/uploads\/2022\/03\/zle-nap1-920x296.jpg 920w, http:\/\/areskomputer.pl\/wp-content\/uploads\/2022\/03\/zle-nap1-575x185.jpg 575w, http:\/\/areskomputer.pl\/wp-content\/uploads\/2022\/03\/zle-nap1-380x122.jpg 380w, http:\/\/areskomputer.pl\/wp-content\/uploads\/2022\/03\/zle-nap1.jpg 1400w\" sizes=\"auto, (max-width: 1024px) 100vw, 1024px\" \/>\t\t\t\t\t\t\t\t<\/a>\n\t\t\t\t\t\t\t\t\t\t\t\t\t\t\t<\/div>\n\t\t\t\t<\/div>\n\t\t\t\t\t<\/div>\n\t\t<\/div>\n\t\t\t\t\t\t\t<\/div>\n\t\t<\/section>\n\t\t\t\t<section class=\"elementor-section elementor-top-section elementor-element elementor-element-d86de34 elementor-section-boxed elementor-section-height-default elementor-section-height-default\" data-id=\"d86de34\" data-element_type=\"section\">\n\t\t\t\t\t\t<div class=\"elementor-container elementor-column-gap-default\">\n\t\t\t\t\t<div class=\"elementor-column elementor-col-100 elementor-top-column elementor-element elementor-element-5279cbc\" data-id=\"5279cbc\" data-element_type=\"column\">\n\t\t\t<div class=\"elementor-widget-wrap elementor-element-populated\">\n\t\t\t\t\t\t\t\t<div class=\"elementor-element elementor-element-061b79b elementor-widget elementor-widget-text-editor\" data-id=\"061b79b\" data-element_type=\"widget\" data-widget_type=\"text-editor.default\">\n\t\t\t\t<div class=\"elementor-widget-container\">\n\t\t\t<style>\/*! elementor - v3.13.3 - 28-05-2023 *\/\n.elementor-widget-text-editor.elementor-drop-cap-view-stacked .elementor-drop-cap{background-color:#69727d;color:#fff}.elementor-widget-text-editor.elementor-drop-cap-view-framed .elementor-drop-cap{color:#69727d;border:3px solid;background-color:transparent}.elementor-widget-text-editor:not(.elementor-drop-cap-view-default) .elementor-drop-cap{margin-top:8px}.elementor-widget-text-editor:not(.elementor-drop-cap-view-default) .elementor-drop-cap-letter{width:1em;height:1em}.elementor-widget-text-editor .elementor-drop-cap{float:left;text-align:center;line-height:1;font-size:50px}.elementor-widget-text-editor .elementor-drop-cap-letter{display:inline-block}<\/style>\t\t\t\t<h3 style=\"text-align: center;\">Mo\u017cesz do nas przyjecha\u0107, napisa\u0107 lub zadzwoni\u0107<\/h3>\t\t\t\t\t\t<\/div>\n\t\t\t\t<\/div>\n\t\t\t\t\t<\/div>\n\t\t<\/div>\n\t\t\t\t\t\t\t<\/div>\n\t\t<\/section>\n\t\t\t\t<section class=\"elementor-section elementor-top-section elementor-element elementor-element-d083795 elementor-section-boxed elementor-section-height-default elementor-section-height-default\" data-id=\"d083795\" data-element_type=\"section\">\n\t\t\t\t\t\t<div class=\"elementor-container elementor-column-gap-default\">\n\t\t\t\t\t<div class=\"elementor-column elementor-col-100 elementor-top-column elementor-element elementor-element-3939e06\" data-id=\"3939e06\" data-element_type=\"column\">\n\t\t\t<div class=\"elementor-widget-wrap elementor-element-populated\">\n\t\t\t\t\t\t\t\t<div class=\"elementor-element elementor-element-f9ea931 elementor-widget elementor-widget-image\" data-id=\"f9ea931\" data-element_type=\"widget\" data-widget_type=\"image.default\">\n\t\t\t\t<div class=\"elementor-widget-container\">\n\t\t\t\t\t\t\t\t\t\t\t\t\t\t\t\t<a href=\"http:\/\/areskomputer.pl\/?page_id=175\">\n\t\t\t\t\t\t\t<img loading=\"lazy\" decoding=\"async\" width=\"1024\" height=\"329\" src=\"http:\/\/areskomputer.pl\/wp-content\/uploads\/2022\/04\/contact1-1024x329.jpg\" class=\"attachment-large size-large wp-image-173\" alt=\"\" srcset=\"http:\/\/areskomputer.pl\/wp-content\/uploads\/2022\/04\/contact1-1024x329.jpg 1024w, http:\/\/areskomputer.pl\/wp-content\/uploads\/2022\/04\/contact1-300x96.jpg 300w, http:\/\/areskomputer.pl\/wp-content\/uploads\/2022\/04\/contact1-768x247.jpg 768w, http:\/\/areskomputer.pl\/wp-content\/uploads\/2022\/04\/contact1-1140x366.jpg 1140w, http:\/\/areskomputer.pl\/wp-content\/uploads\/2022\/04\/contact1-920x296.jpg 920w, http:\/\/areskomputer.pl\/wp-content\/uploads\/2022\/04\/contact1-575x185.jpg 575w, http:\/\/areskomputer.pl\/wp-content\/uploads\/2022\/04\/contact1-380x122.jpg 380w, http:\/\/areskomputer.pl\/wp-content\/uploads\/2022\/04\/contact1.jpg 1400w\" sizes=\"auto, (max-width: 1024px) 100vw, 1024px\" \/>\t\t\t\t\t\t\t\t<\/a>\n\t\t\t\t\t\t\t\t\t\t\t\t\t\t\t<\/div>\n\t\t\t\t<\/div>\n\t\t\t\t\t<\/div>\n\t\t<\/div>\n\t\t\t\t\t\t\t<\/div>\n\t\t<\/section>\n\t\t\t\t<section class=\"elementor-section elementor-top-section elementor-element elementor-element-b996cef elementor-section-boxed elementor-section-height-default elementor-section-height-default\" data-id=\"b996cef\" data-element_type=\"section\">\n\t\t\t\t\t\t<div class=\"elementor-container elementor-column-gap-default\">\n\t\t\t\t\t<div class=\"elementor-column elementor-col-100 elementor-top-column elementor-element elementor-element-b3d13aa\" data-id=\"b3d13aa\" data-element_type=\"column\">\n\t\t\t<div class=\"elementor-widget-wrap elementor-element-populated\">\n\t\t\t\t\t\t\t\t<div class=\"elementor-element elementor-element-5c7bfe4 elementor-widget elementor-widget-text-editor\" data-id=\"5c7bfe4\" data-element_type=\"widget\" data-widget_type=\"text-editor.default\">\n\t\t\t\t<div class=\"elementor-widget-container\">\n\t\t\t\t\t\t\t<h3 style=\"text-align: center;\">Szukasz rozwi\u0105zania problemu? Zajrzyj poni\u017cej<\/h3>\t\t\t\t\t\t<\/div>\n\t\t\t\t<\/div>\n\t\t\t\t\t<\/div>\n\t\t<\/div>\n\t\t\t\t\t\t\t<\/div>\n\t\t<\/section>\n\t\t\t\t<section class=\"elementor-section elementor-top-section elementor-element elementor-element-cbe66eb elementor-section-boxed elementor-section-height-default elementor-section-height-default\" data-id=\"cbe66eb\" data-element_type=\"section\">\n\t\t\t\t\t\t<div class=\"elementor-container elementor-column-gap-default\">\n\t\t\t\t\t<div class=\"elementor-column elementor-col-100 elementor-top-column elementor-element elementor-element-8752b62\" data-id=\"8752b62\" data-element_type=\"column\">\n\t\t\t<div class=\"elementor-widget-wrap elementor-element-populated\">\n\t\t\t\t\t\t\t\t<div class=\"elementor-element elementor-element-4701acb elementor-widget elementor-widget-image\" data-id=\"4701acb\" data-element_type=\"widget\" data-widget_type=\"image.default\">\n\t\t\t\t<div class=\"elementor-widget-container\">\n\t\t\t\t\t\t\t\t\t\t\t\t\t\t\t\t<a href=\"http:\/\/areskomputer.pl\/?page_id=636\">\n\t\t\t\t\t\t\t<img loading=\"lazy\" decoding=\"async\" width=\"1024\" height=\"329\" src=\"http:\/\/areskomputer.pl\/wp-content\/uploads\/2022\/03\/faq1-1024x329.jpg\" class=\"attachment-large size-large wp-image-155\" alt=\"\" srcset=\"http:\/\/areskomputer.pl\/wp-content\/uploads\/2022\/03\/faq1-1024x329.jpg 1024w, http:\/\/areskomputer.pl\/wp-content\/uploads\/2022\/03\/faq1-300x96.jpg 300w, http:\/\/areskomputer.pl\/wp-content\/uploads\/2022\/03\/faq1-768x247.jpg 768w, http:\/\/areskomputer.pl\/wp-content\/uploads\/2022\/03\/faq1-1140x366.jpg 1140w, http:\/\/areskomputer.pl\/wp-content\/uploads\/2022\/03\/faq1-920x296.jpg 920w, http:\/\/areskomputer.pl\/wp-content\/uploads\/2022\/03\/faq1-575x185.jpg 575w, http:\/\/areskomputer.pl\/wp-content\/uploads\/2022\/03\/faq1-380x122.jpg 380w, http:\/\/areskomputer.pl\/wp-content\/uploads\/2022\/03\/faq1.jpg 1400w\" sizes=\"auto, (max-width: 1024px) 100vw, 1024px\" \/>\t\t\t\t\t\t\t\t<\/a>\n\t\t\t\t\t\t\t\t\t\t\t\t\t\t\t<\/div>\n\t\t\t\t<\/div>\n\t\t\t\t\t<\/div>\n\t\t<\/div>\n\t\t\t\t\t\t\t<\/div>\n\t\t<\/section>\n\t\t\t\t<section class=\"elementor-section elementor-top-section elementor-element elementor-element-43a8b21 elementor-section-boxed elementor-section-height-default elementor-section-height-default\" data-id=\"43a8b21\" data-element_type=\"section\">\n\t\t\t\t\t\t<div class=\"elementor-container elementor-column-gap-default\">\n\t\t\t\t\t<div class=\"elementor-column elementor-col-100 elementor-top-column elementor-element elementor-element-36472fd\" data-id=\"36472fd\" data-element_type=\"column\">\n\t\t\t<div class=\"elementor-widget-wrap elementor-element-populated\">\n\t\t\t\t\t\t\t\t<div class=\"elementor-element elementor-element-d766b84 elementor-widget elementor-widget-text-editor\" data-id=\"d766b84\" data-element_type=\"widget\" data-widget_type=\"text-editor.default\">\n\t\t\t\t<div class=\"elementor-widget-container\">\n\t\t\t\t\t\t\t<h3 style=\"text-align: center;\">Potrzebujesz komputer dla Twoich potrzeb? Sprawd\u017a nasz\u0105 ofert\u0119.<\/h3>\t\t\t\t\t\t<\/div>\n\t\t\t\t<\/div>\n\t\t\t\t\t<\/div>\n\t\t<\/div>\n\t\t\t\t\t\t\t<\/div>\n\t\t<\/section>\n\t\t\t\t<section class=\"elementor-section elementor-top-section elementor-element elementor-element-8ecaaa5 elementor-section-boxed elementor-section-height-default elementor-section-height-default\" data-id=\"8ecaaa5\" data-element_type=\"section\">\n\t\t\t\t\t\t<div class=\"elementor-container elementor-column-gap-default\">\n\t\t\t\t\t<div class=\"elementor-column elementor-col-100 elementor-top-column elementor-element elementor-element-2dcbe7f\" data-id=\"2dcbe7f\" data-element_type=\"column\">\n\t\t\t<div class=\"elementor-widget-wrap elementor-element-populated\">\n\t\t\t\t\t\t\t\t<div class=\"elementor-element elementor-element-06962a6 elementor-widget elementor-widget-image\" data-id=\"06962a6\" data-element_type=\"widget\" data-widget_type=\"image.default\">\n\t\t\t\t<div class=\"elementor-widget-container\">\n\t\t\t\t\t\t\t\t\t\t\t\t\t\t\t\t<a href=\"http:\/\/areskomputer.pl\/?page_id=16\">\n\t\t\t\t\t\t\t<img loading=\"lazy\" decoding=\"async\" width=\"1024\" height=\"329\" src=\"http:\/\/areskomputer.pl\/wp-content\/uploads\/2022\/03\/sprzed1-1024x329.jpg\" class=\"attachment-large size-large wp-image-161\" alt=\"\" srcset=\"http:\/\/areskomputer.pl\/wp-content\/uploads\/2022\/03\/sprzed1-1024x329.jpg 1024w, http:\/\/areskomputer.pl\/wp-content\/uploads\/2022\/03\/sprzed1-300x96.jpg 300w, http:\/\/areskomputer.pl\/wp-content\/uploads\/2022\/03\/sprzed1-768x247.jpg 768w, http:\/\/areskomputer.pl\/wp-content\/uploads\/2022\/03\/sprzed1-1140x366.jpg 1140w, http:\/\/areskomputer.pl\/wp-content\/uploads\/2022\/03\/sprzed1-920x296.jpg 920w, http:\/\/areskomputer.pl\/wp-content\/uploads\/2022\/03\/sprzed1-575x185.jpg 575w, http:\/\/areskomputer.pl\/wp-content\/uploads\/2022\/03\/sprzed1-380x122.jpg 380w, http:\/\/areskomputer.pl\/wp-content\/uploads\/2022\/03\/sprzed1.jpg 1400w\" sizes=\"auto, (max-width: 1024px) 100vw, 1024px\" \/>\t\t\t\t\t\t\t\t<\/a>\n\t\t\t\t\t\t\t\t\t\t\t\t\t\t\t<\/div>\n\t\t\t\t<\/div>\n\t\t\t\t\t<\/div>\n\t\t<\/div>\n\t\t\t\t\t\t\t<\/div>\n\t\t<\/section>\n\t\t\t\t<section class=\"elementor-section elementor-top-section elementor-element elementor-element-4d35ea2 elementor-section-boxed elementor-section-height-default elementor-section-height-default\" data-id=\"4d35ea2\" data-element_type=\"section\">\n\t\t\t\t\t\t<div class=\"elementor-container elementor-column-gap-default\">\n\t\t\t\t\t<div class=\"elementor-column elementor-col-100 elementor-top-column elementor-element elementor-element-e4d8e88\" data-id=\"e4d8e88\" data-element_type=\"column\">\n\t\t\t<div class=\"elementor-widget-wrap elementor-element-populated\">\n\t\t\t\t\t\t\t\t<div class=\"elementor-element elementor-element-5b160f3 elementor-widget elementor-widget-text-editor\" data-id=\"5b160f3\" data-element_type=\"widget\" data-widget_type=\"text-editor.default\">\n\t\t\t\t<div class=\"elementor-widget-container\">\n\t\t\t\t\t\t\t<h3 style=\"text-align: center;\">Zadbaj o bezpiecze\u0144stwo swojego komputera<\/h3>\t\t\t\t\t\t<\/div>\n\t\t\t\t<\/div>\n\t\t\t\t\t<\/div>\n\t\t<\/div>\n\t\t\t\t\t\t\t<\/div>\n\t\t<\/section>\n\t\t\t\t<section class=\"elementor-section elementor-top-section elementor-element elementor-element-f965ce7 elementor-section-boxed elementor-section-height-default elementor-section-height-default\" data-id=\"f965ce7\" data-element_type=\"section\">\n\t\t\t\t\t\t<div class=\"elementor-container elementor-column-gap-default\">\n\t\t\t\t\t<div class=\"elementor-column elementor-col-100 elementor-top-column elementor-element elementor-element-d806c4f\" data-id=\"d806c4f\" data-element_type=\"column\">\n\t\t\t<div class=\"elementor-widget-wrap elementor-element-populated\">\n\t\t\t\t\t\t\t\t<div class=\"elementor-element elementor-element-db0891c elementor-widget elementor-widget-image\" data-id=\"db0891c\" data-element_type=\"widget\" data-widget_type=\"image.default\">\n\t\t\t\t<div class=\"elementor-widget-container\">\n\t\t\t\t\t\t\t\t\t\t\t\t\t\t\t\t<a href=\"http:\/\/areskomputer.pl\/?page_id=168\">\n\t\t\t\t\t\t\t<img loading=\"lazy\" decoding=\"async\" width=\"1024\" height=\"329\" src=\"http:\/\/areskomputer.pl\/wp-content\/uploads\/2022\/03\/secu1-1024x329.jpg\" class=\"attachment-large size-large wp-image-166\" alt=\"\" srcset=\"http:\/\/areskomputer.pl\/wp-content\/uploads\/2022\/03\/secu1-1024x329.jpg 1024w, http:\/\/areskomputer.pl\/wp-content\/uploads\/2022\/03\/secu1-300x96.jpg 300w, http:\/\/areskomputer.pl\/wp-content\/uploads\/2022\/03\/secu1-768x247.jpg 768w, http:\/\/areskomputer.pl\/wp-content\/uploads\/2022\/03\/secu1-1140x366.jpg 1140w, http:\/\/areskomputer.pl\/wp-content\/uploads\/2022\/03\/secu1-920x296.jpg 920w, http:\/\/areskomputer.pl\/wp-content\/uploads\/2022\/03\/secu1-575x185.jpg 575w, http:\/\/areskomputer.pl\/wp-content\/uploads\/2022\/03\/secu1-380x122.jpg 380w, http:\/\/areskomputer.pl\/wp-content\/uploads\/2022\/03\/secu1.jpg 1400w\" sizes=\"auto, (max-width: 1024px) 100vw, 1024px\" \/>\t\t\t\t\t\t\t\t<\/a>\n\t\t\t\t\t\t\t\t\t\t\t\t\t\t\t<\/div>\n\t\t\t\t<\/div>\n\t\t\t\t\t<\/div>\n\t\t<\/div>\n\t\t\t\t\t\t\t<\/div>\n\t\t<\/section>\n\t\t\t\t\t\t\t<\/div>\n\t\t","protected":false},"excerpt":{"rendered":"<p>Mo\u017cesz do nas przyjecha\u0107, napisa\u0107 lub zadzwoni\u0107 Szukasz rozwi\u0105zania problemu? Zajrzyj poni\u017cej Potrzebujesz komputer dla Twoich potrzeb? Sprawd\u017a nasz\u0105 ofert\u0119. Zadbaj o bezpiecze\u0144stwo swojego komputera<\/p>\n","protected":false},"author":3,"featured_media":0,"parent":0,"menu_order":0,"comment_status":"closed","ping_status":"closed","template":"elementor_header_footer","meta":{"footnotes":""},"class_list":["post-19","page","type-page","status-publish","hentry","entry"],"_links":{"self":[{"href":"http:\/\/areskomputer.pl\/index.php?rest_route=\/wp\/v2\/pages\/19","targetHints":{"allow":["GET"]}}],"collection":[{"href":"http:\/\/areskomputer.pl\/index.php?rest_route=\/wp\/v2\/pages"}],"about":[{"href":"http:\/\/areskomputer.pl\/index.php?rest_route=\/wp\/v2\/types\/page"}],"author":[{"embeddable":true,"href":"http:\/\/areskomputer.pl\/index.php?rest_route=\/wp\/v2\/users\/3"}],"replies":[{"embeddable":true,"href":"http:\/\/areskomputer.pl\/index.php?rest_route=%2Fwp%2Fv2%2Fcomments&post=19"}],"version-history":[{"count":165,"href":"http:\/\/areskomputer.pl\/index.php?rest_route=\/wp\/v2\/pages\/19\/revisions"}],"predecessor-version":[{"id":641,"href":"http:\/\/areskomputer.pl\/index.php?rest_route=\/wp\/v2\/pages\/19\/revisions\/641"}],"wp:attachment":[{"href":"http:\/\/areskomputer.pl\/index.php?rest_route=%2Fwp%2Fv2%2Fmedia&parent=19"}],"curies":[{"name":"wp","href":"https:\/\/api.w.org\/{rel}","templated":true}]}}